{"id":330,"date":"2021-03-30T14:31:36","date_gmt":"2021-03-30T14:31:36","guid":{"rendered":"https:\/\/viktoriagross.de\/?page_id=330"},"modified":"2021-04-28T09:24:36","modified_gmt":"2021-04-28T09:24:36","slug":"klang","status":"publish","type":"page","link":"https:\/\/viktoriagross.de\/index.php\/klang\/","title":{"rendered":"KLANG"},"content":{"rendered":"\t\t<div data-elementor-type=\"wp-page\" data-elementor-id=\"330\" class=\"elementor elementor-330\" data-elementor-settings=\"[]\">\n\t\t\t\t\t\t\t<div class=\"elementor-section-wrap\">\n\t\t\t\t\t\t\t<section class=\"elementor-section elementor-top-section elementor-element elementor-element-7416657 elementor-section-boxed elementor-section-height-default elementor-section-height-default\" data-id=\"7416657\" data-element_type=\"section\" data-settings=\"{&quot;background_background&quot;:&quot;classic&quot;,&quot;background_motion_fx_motion_fx_mouse&quot;:&quot;yes&quot;,&quot;background_motion_fx_mouseTrack_effect&quot;:&quot;yes&quot;,&quot;background_motion_fx_mouseTrack_speed&quot;:{&quot;unit&quot;:&quot;px&quot;,&quot;size&quot;:1,&quot;sizes&quot;:[]}}\">\n\t\t\t\t\t\t<div class=\"elementor-container elementor-column-gap-default\">\n\t\t\t\t\t<div class=\"elementor-column elementor-col-50 elementor-top-column elementor-element elementor-element-3fdbb47\" data-id=\"3fdbb47\" data-element_type=\"column\">\n\t\t\t<div class=\"elementor-widget-wrap elementor-element-populated\">\n\t\t\t\t\t\t\t\t<div class=\"elementor-element elementor-element-56e94c3 elementor-widget-divider--separator-type-pattern elementor-widget-divider--no-spacing elementor-widget-divider--view-line elementor-widget elementor-widget-divider\" data-id=\"56e94c3\" data-element_type=\"widget\" data-widget_type=\"divider.default\">\n\t\t\t\t<div class=\"elementor-widget-container\">\n\t\t\t\t\t<div class=\"elementor-divider\" style=\"--divider-pattern-url: url(&quot;data:image\/svg+xml,%3Csvg xmlns=&#039;http:\/\/www.w3.org\/2000\/svg&#039; preserveAspectRatio=&#039;xMidYMid meet&#039; overflow=&#039;visible&#039; height=&#039;100%&#039; viewBox=&#039;0 0 117 26&#039; fill=&#039;black&#039; stroke=&#039;none&#039;%3E%3Cpath d=&#039;M3,1.5C5,4.9,6,8.8,6,13s-1.7,8.1-5,11.5C0.3,21.1,0,17.2,0,13S1,4.9,3,1.5z M16,1.5c2,3.4,3,7.3,3,11.5s-1,8.1-3,11.5c-2-4.1-3-8.3-3-12.5S14,4.3,16,1.5z M29,1.5c2,4.8,3,9.3,3,13.5s-1,7.4-3,9.5c-2-3.4-3-7.3-3-11.5S27,4.9,29,1.5z M41.1,1.5C43.7,4.9,45,8.8,45,13s-1,8.1-3,11.5c-2-3.4-3-7.3-3-11.5S39.7,4.9,41.1,1.5zM55,1.5c2,2.8,3,6.3,3,10.5s-1.3,8.4-4,12.5c-1.3-3.4-2-7.3-2-11.5S53,4.9,55,1.5z M68,1.5c2,3.4,3,7.3,3,11.5s-0.7,8.1-2,11.5c-2.7-4.8-4-9.3-4-13.5S66,3.6,68,1.5z M82,1.5c1.3,4.8,2,9.3,2,13.5s-1,7.4-3,9.5c-2-3.4-3-7.3-3-11.5S79.3,4.9,82,1.5z M94,1.5c2,3.4,3,7.3,3,11.5s-1.3,8.1-4,11.5c-1.3-1.4-2-4.3-2-8.5S92,6.9,94,1.5z M107,1.5c2,2.1,3,5.3,3,9.5s-0.7,8.7-2,13.5c-2.7-3.4-4-7.3-4-11.5S105,4.9,107,1.5z&#039;\/%3E%3C\/svg%3E&quot;);\">\n\t\t\t<span class=\"elementor-divider-separator\">\n\t\t\t\t\t\t<\/span>\n\t\t<\/div>\n\t\t\t\t<\/div>\n\t\t\t\t<\/div>\n\t\t\t\t<div class=\"elementor-element elementor-element-b2edb3b elementor-widget elementor-widget-heading\" data-id=\"b2edb3b\" data-element_type=\"widget\" data-widget_type=\"heading.default\">\n\t\t\t\t<div class=\"elementor-widget-container\">\n\t\t\t<h1 class=\"elementor-heading-title elementor-size-default\">Klang<\/h1>\t\t<\/div>\n\t\t\t\t<\/div>\n\t\t\t\t<div class=\"elementor-element elementor-element-92328a2 elementor-widget elementor-widget-heading\" data-id=\"92328a2\" data-element_type=\"widget\" data-widget_type=\"heading.default\">\n\t\t\t\t<div class=\"elementor-widget-container\">\n\t\t\t<h3 class=\"elementor-heading-title elementor-size-default\">Alles beginnt in Dir!  <br>\nErh\u00f6he deine Lebensenergie!\n<\/h3>\t\t<\/div>\n\t\t\t\t<\/div>\n\t\t\t\t<div class=\"elementor-element elementor-element-bd2114b elementor-widget elementor-widget-text-editor\" data-id=\"bd2114b\" data-element_type=\"widget\" data-widget_type=\"text-editor.default\">\n\t\t\t\t<div class=\"elementor-widget-container\">\n\t\t\t\t\t<div class=\"elementor-text-editor elementor-clearfix\"><p><span style=\"font-weight: 400;\">Immer mehr\u00a0 Wissenschaftler haben erforscht, dass wir selbst zum gro\u00dfen Teil aus Schwingung bestehen und dass\u00a0 Ton\/Vibration besonders gut heilt. Erfolgreiche Studien beweisen, dass bestimmte Krankheiten ohne medizinische Intervention durch Klangtherapie behandelt werden k\u00f6nnen.<\/span><\/p><p><span style=\"font-weight: 400;\">Wir haben heute die F\u00e4higkeit, Schwingungsungleichgewichte innerhalb von Minuten zu beseitigen, die sich, wenn sie unbeachtet bleiben, im Laufe der Jahre m\u00f6glicherweise zu ernsthafteren medizinischen Problemen entwickeln.<\/span><\/p><\/div>\n\t\t\t\t<\/div>\n\t\t\t\t<\/div>\n\t\t\t\t\t<\/div>\n\t\t<\/div>\n\t\t\t\t<div class=\"elementor-column elementor-col-50 elementor-top-column elementor-element elementor-element-8c1cd70\" data-id=\"8c1cd70\" data-element_type=\"column\">\n\t\t\t<div class=\"elementor-widget-wrap elementor-element-populated\">\n\t\t\t\t\t\t\t\t<div class=\"elementor-element elementor-element-a86ced3 elementor-widget elementor-widget-image\" data-id=\"a86ced3\" data-element_type=\"widget\" data-settings=\"{&quot;motion_fx_motion_fx_mouse&quot;:&quot;yes&quot;}\" data-widget_type=\"image.default\">\n\t\t\t\t<div class=\"elementor-widget-container\">\n\t\t\t\t\t<div class=\"elementor-image\">\n\t\t\t\t\t\t\t\t\t\t<img loading=\"lazy\" decoding=\"async\" width=\"1024\" height=\"683\" src=\"https:\/\/viktoriagross.de\/wp-content\/uploads\/2021\/03\/Klang-Foto-8.jpg\" class=\"attachment-large size-large\" alt=\"\" \/>\t\t\t\t\t\t\t\t\t\t\t<\/div>\n\t\t\t\t<\/div>\n\t\t\t\t<\/div>\n\t\t\t\t\t<\/div>\n\t\t<\/div>\n\t\t\t\t\t\t\t<\/div>\n\t\t<\/section>\n\t\t\t\t<section class=\"elementor-section elementor-top-section elementor-element elementor-element-28a3bec elementor-section-boxed elementor-section-height-default elementor-section-height-default\" data-id=\"28a3bec\" data-element_type=\"section\" data-settings=\"{&quot;background_background&quot;:&quot;classic&quot;}\">\n\t\t\t\t\t\t\t<div class=\"elementor-background-overlay\"><\/div>\n\t\t\t\t\t\t\t<div class=\"elementor-container elementor-column-gap-default\">\n\t\t\t\t\t<div class=\"elementor-column elementor-col-100 elementor-top-column elementor-element elementor-element-9ebb5aa\" data-id=\"9ebb5aa\" data-element_type=\"column\">\n\t\t\t<div class=\"elementor-widget-wrap elementor-element-populated\">\n\t\t\t\t\t\t\t\t<div class=\"elementor-element elementor-element-209a7b2 elementor-widget elementor-widget-heading\" data-id=\"209a7b2\" data-element_type=\"widget\" data-widget_type=\"heading.default\">\n\t\t\t\t<div class=\"elementor-widget-container\">\n\t\t\t<h2 class=\"elementor-heading-title elementor-size-default\">KLANGSCHALEN WIRKUNG\n<\/h2>\t\t<\/div>\n\t\t\t\t<\/div>\n\t\t\t\t<div class=\"elementor-element elementor-element-68e1f34 elementor-widget-divider--separator-type-pattern elementor-widget-divider--no-spacing elementor-widget-divider--view-line elementor-widget elementor-widget-divider\" data-id=\"68e1f34\" data-element_type=\"widget\" data-widget_type=\"divider.default\">\n\t\t\t\t<div class=\"elementor-widget-container\">\n\t\t\t\t\t<div class=\"elementor-divider\" style=\"--divider-pattern-url: url(&quot;data:image\/svg+xml,%3Csvg xmlns=&#039;http:\/\/www.w3.org\/2000\/svg&#039; preserveAspectRatio=&#039;xMidYMid meet&#039; overflow=&#039;visible&#039; height=&#039;100%&#039; viewBox=&#039;0 0 117 26&#039; fill=&#039;black&#039; stroke=&#039;none&#039;%3E%3Cpath d=&#039;M3,1.5C5,4.9,6,8.8,6,13s-1.7,8.1-5,11.5C0.3,21.1,0,17.2,0,13S1,4.9,3,1.5z M16,1.5c2,3.4,3,7.3,3,11.5s-1,8.1-3,11.5c-2-4.1-3-8.3-3-12.5S14,4.3,16,1.5z M29,1.5c2,4.8,3,9.3,3,13.5s-1,7.4-3,9.5c-2-3.4-3-7.3-3-11.5S27,4.9,29,1.5z M41.1,1.5C43.7,4.9,45,8.8,45,13s-1,8.1-3,11.5c-2-3.4-3-7.3-3-11.5S39.7,4.9,41.1,1.5zM55,1.5c2,2.8,3,6.3,3,10.5s-1.3,8.4-4,12.5c-1.3-3.4-2-7.3-2-11.5S53,4.9,55,1.5z M68,1.5c2,3.4,3,7.3,3,11.5s-0.7,8.1-2,11.5c-2.7-4.8-4-9.3-4-13.5S66,3.6,68,1.5z M82,1.5c1.3,4.8,2,9.3,2,13.5s-1,7.4-3,9.5c-2-3.4-3-7.3-3-11.5S79.3,4.9,82,1.5z M94,1.5c2,3.4,3,7.3,3,11.5s-1.3,8.1-4,11.5c-1.3-1.4-2-4.3-2-8.5S92,6.9,94,1.5z M107,1.5c2,2.1,3,5.3,3,9.5s-0.7,8.7-2,13.5c-2.7-3.4-4-7.3-4-11.5S105,4.9,107,1.5z&#039;\/%3E%3C\/svg%3E&quot;);\">\n\t\t\t<span class=\"elementor-divider-separator\">\n\t\t\t\t\t\t<\/span>\n\t\t<\/div>\n\t\t\t\t<\/div>\n\t\t\t\t<\/div>\n\t\t\t\t<div class=\"elementor-element elementor-element-712a05e elementor-widget elementor-widget-text-editor\" data-id=\"712a05e\" data-element_type=\"widget\" data-widget_type=\"text-editor.default\">\n\t\t\t\t<div class=\"elementor-widget-container\">\n\t\t\t\t\t<div class=\"elementor-text-editor elementor-clearfix\"><p><span style=\"font-weight: 400;\">Welchen Einfluss haben Klangschalen auf unseren K\u00f6rper?\u00a0<\/span><\/p><p><span style=\"font-weight: 400;\">Sie haben an der ersten Stelle definitiv heilende Effekte auf unseren K\u00f6rper.<\/span><\/p><p><span style=\"font-weight: 400;\">Die Klangschalen Therapie ist eine uralte, \u00fcber Jahrhunderte bew\u00e4hrte Form der Heilung, die aus dem Tibet stammt.<\/span><\/p><p><span style=\"font-weight: 400;\">Formsch\u00f6n gestaltete Klangschalen zieren H\u00e4user, Yogastudios, Meditationszentren, Wellness-Kliniken, Vibrationstherapie Zentren, Altenheime, Hospize und Kinderg\u00e4rten auf der ganzen Welt.\u00a0<\/span><\/p><p><span style=\"font-weight: 400;\">Warum sind Klangschalen so popul\u00e4r? Ist es nur die \u00c4sthetik? Teilweise ja, aber der wahre Grund liegt\u00a0 viele Jahrhunderte zur\u00fcck und hat mit der Klangschalen Wirkung zu tun:<\/span><\/p><p><span style=\"font-weight: 400;\">Wenn Du zum ersten Mal mit dem Klang\u00a0 einer Schale in Ber\u00fchrung kommst, wirst Du vermutlich \u00fcberrascht sein. Deine Reaktion kann sehr emotional, rein k\u00f6rperlich oder ungemein beruhigend ausfallen. Du kannst ein Kribbeln oder andere Empfindungen in\u00a0 H\u00e4nden und F\u00fc\u00dfen oder auch Vibrationen in Deinem ganzen K\u00f6rper sp\u00fcren. Klangschalen wirken ganz unterschiedlich auf Menschen, ein Freund oder eine Freundin erlebt vielleicht etwas ganz anderes als Du. Einige Menschen weinen, manche\u00a0 schreien oder schlafen sogar ein. Der gemeinsame Nenner ist, dass es sich um eine zutiefst pers\u00f6nliche und einzigartige Erfahrung handelt. Es gibt keine &#8222;richtige&#8220; oder &#8222;falsche&#8220; Reaktion oder erwartbares Verhalten.<\/span><\/p><\/div>\n\t\t\t\t<\/div>\n\t\t\t\t<\/div>\n\t\t\t\t\t<\/div>\n\t\t<\/div>\n\t\t\t\t\t\t\t<\/div>\n\t\t<\/section>\n\t\t\t\t<section class=\"elementor-section elementor-top-section elementor-element elementor-element-aa00727 elementor-section-boxed elementor-section-height-default elementor-section-height-default\" data-id=\"aa00727\" data-element_type=\"section\" data-settings=\"{&quot;background_background&quot;:&quot;classic&quot;}\">\n\t\t\t\t\t\t<div class=\"elementor-container elementor-column-gap-default\">\n\t\t\t\t\t<div class=\"elementor-column elementor-col-50 elementor-top-column elementor-element elementor-element-f8c5e2a\" data-id=\"f8c5e2a\" data-element_type=\"column\">\n\t\t\t<div class=\"elementor-widget-wrap elementor-element-populated\">\n\t\t\t\t\t\t\t\t<div class=\"elementor-element elementor-element-11a1b68 elementor-widget-divider--separator-type-pattern elementor-widget-divider--no-spacing elementor-widget-divider--view-line elementor-widget elementor-widget-divider\" data-id=\"11a1b68\" data-element_type=\"widget\" data-widget_type=\"divider.default\">\n\t\t\t\t<div class=\"elementor-widget-container\">\n\t\t\t\t\t<div class=\"elementor-divider\" style=\"--divider-pattern-url: url(&quot;data:image\/svg+xml,%3Csvg xmlns=&#039;http:\/\/www.w3.org\/2000\/svg&#039; preserveAspectRatio=&#039;xMidYMid meet&#039; overflow=&#039;visible&#039; height=&#039;100%&#039; viewBox=&#039;0 0 117 26&#039; fill=&#039;black&#039; stroke=&#039;none&#039;%3E%3Cpath d=&#039;M3,1.5C5,4.9,6,8.8,6,13s-1.7,8.1-5,11.5C0.3,21.1,0,17.2,0,13S1,4.9,3,1.5z M16,1.5c2,3.4,3,7.3,3,11.5s-1,8.1-3,11.5c-2-4.1-3-8.3-3-12.5S14,4.3,16,1.5z M29,1.5c2,4.8,3,9.3,3,13.5s-1,7.4-3,9.5c-2-3.4-3-7.3-3-11.5S27,4.9,29,1.5z M41.1,1.5C43.7,4.9,45,8.8,45,13s-1,8.1-3,11.5c-2-3.4-3-7.3-3-11.5S39.7,4.9,41.1,1.5zM55,1.5c2,2.8,3,6.3,3,10.5s-1.3,8.4-4,12.5c-1.3-3.4-2-7.3-2-11.5S53,4.9,55,1.5z M68,1.5c2,3.4,3,7.3,3,11.5s-0.7,8.1-2,11.5c-2.7-4.8-4-9.3-4-13.5S66,3.6,68,1.5z M82,1.5c1.3,4.8,2,9.3,2,13.5s-1,7.4-3,9.5c-2-3.4-3-7.3-3-11.5S79.3,4.9,82,1.5z M94,1.5c2,3.4,3,7.3,3,11.5s-1.3,8.1-4,11.5c-1.3-1.4-2-4.3-2-8.5S92,6.9,94,1.5z M107,1.5c2,2.1,3,5.3,3,9.5s-0.7,8.7-2,13.5c-2.7-3.4-4-7.3-4-11.5S105,4.9,107,1.5z&#039;\/%3E%3C\/svg%3E&quot;);\">\n\t\t\t<span class=\"elementor-divider-separator\">\n\t\t\t\t\t\t<\/span>\n\t\t<\/div>\n\t\t\t\t<\/div>\n\t\t\t\t<\/div>\n\t\t\t\t<div class=\"elementor-element elementor-element-92e3d2c elementor-widget elementor-widget-heading\" data-id=\"92e3d2c\" data-element_type=\"widget\" data-widget_type=\"heading.default\">\n\t\t\t\t<div class=\"elementor-widget-container\">\n\t\t\t<h2 class=\"elementor-heading-title elementor-size-default\">Hier sind 10 erstaunliche Vorteile, die eine Klangschalenmassage oder \n<\/h2>\t\t<\/div>\n\t\t\t\t<\/div>\n\t\t\t\t<div class=\"elementor-element elementor-element-dde0066 elementor-widget elementor-widget-text-editor\" data-id=\"dde0066\" data-element_type=\"widget\" data-widget_type=\"text-editor.default\">\n\t\t\t\t<div class=\"elementor-widget-container\">\n\t\t\t\t\t<div class=\"elementor-text-editor elementor-clearfix\"><p><span style=\"font-weight: 400;\">Klangschalentherapie mit sich bringen kann:<\/span><\/p><ul><li style=\"font-weight: 400;\" aria-level=\"1\"><span style=\"font-weight: 400;\">Reduziert Stress und Angst<\/span><\/li><li style=\"font-weight: 400;\" aria-level=\"1\"><span style=\"font-weight: 400;\">Senkt Wut und Blutdruck<\/span><\/li><li style=\"font-weight: 400;\" aria-level=\"1\"><span style=\"font-weight: 400;\">Verbessert die Durchblutung<\/span><\/li><li style=\"font-weight: 400;\" aria-level=\"1\"><span style=\"font-weight: 400;\">Erh\u00f6ht die mentale und emotionale Klarheit<\/span><\/li><li style=\"font-weight: 400;\" aria-level=\"1\"><span style=\"font-weight: 400;\">Verbessert das Immunsystem;\u00a0<\/span><\/li><li style=\"font-weight: 400;\" aria-level=\"1\"><span style=\"font-weight: 400;\">Heilt Fibromyalgie und Psoriasis\u00a0<\/span><\/li><li style=\"font-weight: 400;\" aria-level=\"1\"><span style=\"font-weight: 400;\">Verbessert die psychische Gesundheit.<\/span><\/li><li style=\"font-weight: 400;\" aria-level=\"1\"><span style=\"font-weight: 400;\">Wirkt in der Schmerztherapie.<\/span><\/li><li style=\"font-weight: 400;\" aria-level=\"1\"><span style=\"font-weight: 400;\">Stimuliert das Immunsystem.<\/span><\/li><li style=\"font-weight: 400;\" aria-level=\"1\"><span style=\"font-weight: 400;\">F\u00f6rdert die Freisetzung der Gl\u00fcckshormone &#8211; Endorphine, Dopamin und Serotonin.<\/span><\/li><li style=\"font-weight: 400;\" aria-level=\"1\"><span style=\"font-weight: 400;\">Beruhigt und fokussiert den Geist zur Meditation.<\/span><\/li><\/ul><\/div>\n\t\t\t\t<\/div>\n\t\t\t\t<\/div>\n\t\t\t\t\t<\/div>\n\t\t<\/div>\n\t\t\t\t<div class=\"elementor-column elementor-col-50 elementor-top-column elementor-element elementor-element-20edfdc\" data-id=\"20edfdc\" data-element_type=\"column\">\n\t\t\t<div class=\"elementor-widget-wrap elementor-element-populated\">\n\t\t\t\t\t\t\t\t<div class=\"elementor-element elementor-element-a9cbd17 elementor-widget elementor-widget-text-editor\" data-id=\"a9cbd17\" data-element_type=\"widget\" data-widget_type=\"text-editor.default\">\n\t\t\t\t<div class=\"elementor-widget-container\">\n\t\t\t\t\t<div class=\"elementor-text-editor elementor-clearfix\"><p><span style=\"font-weight: 400;\">Ich pers\u00f6nlich bin von der Kombination Licht als Reiki Kraft und Klang fasziniert. In der Heilarbeit ist es auch m\u00f6glich beides zusammen miteinflie\u00dfen zu lassen. Und wenn zus\u00e4tzlich noch Heilsingen praktiziert wird, erh\u00f6ht sich\u00a0 die Heilkraft und es f\u00fchlt sich dar\u00fcber hinaus mega erf\u00fcllend an.<\/span><\/p><p><span style=\"font-weight: 400;\">Entdecke es bei einem Seminar oder in einer Einzelstunde\u00a0 und mache deine eigene Erfahrung, wie es auf Dich wirkt.<\/span><\/p><\/div>\n\t\t\t\t<\/div>\n\t\t\t\t<\/div>\n\t\t\t\t<section class=\"elementor-section elementor-inner-section elementor-element elementor-element-48c845f elementor-section-boxed elementor-section-height-default elementor-section-height-default\" data-id=\"48c845f\" data-element_type=\"section\" data-settings=\"{&quot;background_background&quot;:&quot;classic&quot;}\">\n\t\t\t\t\t\t\t<div class=\"elementor-background-overlay\"><\/div>\n\t\t\t\t\t\t\t<div class=\"elementor-container elementor-column-gap-default\">\n\t\t\t\t\t<div class=\"elementor-column elementor-col-100 elementor-inner-column elementor-element elementor-element-b195cc7 col1\" data-id=\"b195cc7\" data-element_type=\"column\" data-settings=\"{&quot;background_background&quot;:&quot;classic&quot;}\">\n\t\t\t<div class=\"elementor-widget-wrap elementor-element-populated\">\n\t\t\t\t\t\t\t\t<div class=\"elementor-element elementor-element-f80e316 elementor-align-center elementor-widget elementor-widget-button\" data-id=\"f80e316\" data-element_type=\"widget\" data-widget_type=\"button.default\">\n\t\t\t\t<div class=\"elementor-widget-container\">\n\t\t\t\t\t<div class=\"elementor-button-wrapper\">\n\t\t\t<a href=\"#\" class=\"elementor-button-link elementor-button elementor-size-sm\" role=\"button\">\n\t\t\t\t\t\t<span class=\"elementor-button-content-wrapper\">\n\t\t\t\t\t\t<span class=\"elementor-button-text\">KLANGMASSAGE EINZELN<\/span>\n\t\t<\/span>\n\t\t\t\t\t<\/a>\n\t\t<\/div>\n\t\t\t\t<\/div>\n\t\t\t\t<\/div>\n\t\t\t\t<div class=\"elementor-element elementor-element-4bf10f6 elementor-widget elementor-widget-text-editor\" data-id=\"4bf10f6\" data-element_type=\"widget\" data-widget_type=\"text-editor.default\">\n\t\t\t\t<div class=\"elementor-widget-container\">\n\t\t\t\t\t<div class=\"elementor-text-editor elementor-clearfix\"><ul><li><p><span style=\"font-weight: 400;\">Dauer\u00a0 ca 30 Minuten<\/span><\/p><\/li><\/ul><\/div>\n\t\t\t\t<\/div>\n\t\t\t\t<\/div>\n\t\t\t\t<div class=\"elementor-element elementor-element-13bf974 elementor-widget elementor-widget-heading\" data-id=\"13bf974\" data-element_type=\"widget\" data-widget_type=\"heading.default\">\n\t\t\t\t<div class=\"elementor-widget-container\">\n\t\t\t<h2 class=\"elementor-heading-title elementor-size-default\">50 \u20ac pro SESSION (inkl. MwSt.)\n<\/h2>\t\t<\/div>\n\t\t\t\t<\/div>\n\t\t\t\t<div class=\"elementor-element elementor-element-a5ad34e elementor-align-center elementor-widget elementor-widget-wc-add-to-cart\" data-id=\"a5ad34e\" data-element_type=\"widget\" data-widget_type=\"wc-add-to-cart.default\">\n\t\t\t\t<div class=\"elementor-widget-container\">\n\t\t\t\t\t<div class=\"elementor-button-wrapper\">\n\t\t\t<a rel=\"nofollow\" href=\"?add-to-cart=826\" data-quantity=\"1\" data-product_id=\"826\" class=\"product_type_simple add_to_cart_button ajax_add_to_cart elementor-button elementor-size-md\" role=\"button\">\n\t\t\t\t\t\t<span class=\"elementor-button-content-wrapper\">\n\t\t\t\t\t\t<span class=\"elementor-button-text\">Klangschalenmassage einzelne Sitzung buchen<\/span>\n\t\t<\/span>\n\t\t\t\t\t<\/a>\n\t\t<\/div>\n\t\t\t\t<\/div>\n\t\t\t\t<\/div>\n\t\t\t\t\t<\/div>\n\t\t<\/div>\n\t\t\t\t\t\t\t<\/div>\n\t\t<\/section>\n\t\t\t\t\t<\/div>\n\t\t<\/div>\n\t\t\t\t\t\t\t<\/div>\n\t\t<\/section>\n\t\t\t\t<section class=\"elementor-section elementor-top-section elementor-element elementor-element-edd1ae9 elementor-section-boxed elementor-section-height-default elementor-section-height-default\" data-id=\"edd1ae9\" data-element_type=\"section\">\n\t\t\t\t\t\t<div class=\"elementor-container elementor-column-gap-default\">\n\t\t\t\t\t<div class=\"elementor-column elementor-col-100 elementor-top-column elementor-element elementor-element-2ab57ce\" data-id=\"2ab57ce\" data-element_type=\"column\">\n\t\t\t<div class=\"elementor-widget-wrap elementor-element-populated\">\n\t\t\t\t\t\t\t\t<div class=\"elementor-element elementor-element-5b02473 elementor-align-center elementor-widget elementor-widget-button\" data-id=\"5b02473\" data-element_type=\"widget\" data-widget_type=\"button.default\">\n\t\t\t\t<div class=\"elementor-widget-container\">\n\t\t\t\t\t<div class=\"elementor-button-wrapper\">\n\t\t\t<a href=\"https:\/\/viktoriagross.de\/index.php\/terminkalender\/\" class=\"elementor-button-link elementor-button elementor-size-md\" role=\"button\">\n\t\t\t\t\t\t<span class=\"elementor-button-content-wrapper\">\n\t\t\t\t\t\t<span class=\"elementor-button-text\">Oder Terminkalender ansehen f\u00fcr Gruppenseminar<\/span>\n\t\t<\/span>\n\t\t\t\t\t<\/a>\n\t\t<\/div>\n\t\t\t\t<\/div>\n\t\t\t\t<\/div>\n\t\t\t\t\t<\/div>\n\t\t<\/div>\n\t\t\t\t\t\t\t<\/div>\n\t\t<\/section>\n\t\t\t\t\t\t<\/div>\n\t\t\t\t\t<\/div>\n\t\t","protected":false},"excerpt":{"rendered":"<p>Klang Alles beginnt in Dir! Erh\u00f6he deine Lebensenergie! Immer mehr\u00a0 Wissenschaftler haben erforscht, dass wir selbst zum gro\u00dfen Teil aus Schwingung bestehen und dass\u00a0 Ton\/Vibration besonders gut heilt. Erfolgreiche Studien beweisen, dass bestimmte Krankheiten ohne medizinische Intervention durch Klangtherapie behandelt werden k\u00f6nnen. Wir haben heute die F\u00e4higkeit, Schwingungsungleichgewichte innerhalb von Minuten zu beseitigen, die sich, [&hellip;]<\/p>\n","protected":false},"author":1,"featured_media":0,"parent":0,"menu_order":0,"comment_status":"closed","ping_status":"closed","template":"elementor_header_footer","meta":{"footnotes":""},"class_list":["post-330","page","type-page","status-publish","hentry","entry","owp-thumbs-layout-horizontal","owp-btn-normal","owp-tabs-layout-horizontal","has-no-thumbnails","has-product-nav"],"_links":{"self":[{"href":"https:\/\/viktoriagross.de\/index.php\/wp-json\/wp\/v2\/pages\/330","targetHints":{"allow":["GET"]}}],"collection":[{"href":"https:\/\/viktoriagross.de\/index.php\/wp-json\/wp\/v2\/pages"}],"about":[{"href":"https:\/\/viktoriagross.de\/index.php\/wp-json\/wp\/v2\/types\/page"}],"author":[{"embeddable":true,"href":"https:\/\/viktoriagross.de\/index.php\/wp-json\/wp\/v2\/users\/1"}],"replies":[{"embeddable":true,"href":"https:\/\/viktoriagross.de\/index.php\/wp-json\/wp\/v2\/comments?post=330"}],"version-history":[{"count":37,"href":"https:\/\/viktoriagross.de\/index.php\/wp-json\/wp\/v2\/pages\/330\/revisions"}],"predecessor-version":[{"id":832,"href":"https:\/\/viktoriagross.de\/index.php\/wp-json\/wp\/v2\/pages\/330\/revisions\/832"}],"wp:attachment":[{"href":"https:\/\/viktoriagross.de\/index.php\/wp-json\/wp\/v2\/media?parent=330"}],"curies":[{"name":"wp","href":"https:\/\/api.w.org\/{rel}","templated":true}]}}