{"id":322,"date":"2021-03-30T14:30:34","date_gmt":"2021-03-30T14:30:34","guid":{"rendered":"https:\/\/viktoriagross.de\/?page_id=322"},"modified":"2022-03-23T16:58:30","modified_gmt":"2022-03-23T16:58:30","slug":"impressum-agbs-haftungsausschluss-bildnachweise","status":"publish","type":"page","link":"https:\/\/viktoriagross.de\/index.php\/impressum-agbs-haftungsausschluss-bildnachweise\/","title":{"rendered":"Impressum, AGB&#8217;s, Haftungsausschluss, Bildnachweise"},"content":{"rendered":"\t\t<div data-elementor-type=\"wp-page\" data-elementor-id=\"322\" class=\"elementor elementor-322\" data-elementor-settings=\"[]\">\n\t\t\t\t\t\t\t<div class=\"elementor-section-wrap\">\n\t\t\t\t\t\t\t<section class=\"elementor-section elementor-top-section elementor-element elementor-element-fe9163c elementor-section-height-min-height elementor-section-boxed elementor-section-height-default elementor-section-items-middle\" data-id=\"fe9163c\" data-element_type=\"section\" data-settings=\"{&quot;background_background&quot;:&quot;classic&quot;,&quot;background_motion_fx_motion_fx_mouse&quot;:&quot;yes&quot;,&quot;background_motion_fx_mouseTrack_effect&quot;:&quot;yes&quot;,&quot;background_motion_fx_mouseTrack_speed&quot;:{&quot;unit&quot;:&quot;px&quot;,&quot;size&quot;:1,&quot;sizes&quot;:[]}}\">\n\t\t\t\t\t\t\t<div class=\"elementor-background-overlay\"><\/div>\n\t\t\t\t\t\t\t<div class=\"elementor-container elementor-column-gap-default\">\n\t\t\t\t\t<div class=\"elementor-column elementor-col-100 elementor-top-column elementor-element elementor-element-195aecc\" data-id=\"195aecc\" data-element_type=\"column\">\n\t\t\t<div class=\"elementor-widget-wrap elementor-element-populated\">\n\t\t\t\t\t\t\t\t<div class=\"elementor-element elementor-element-30f02fa elementor-widget elementor-widget-heading\" data-id=\"30f02fa\" data-element_type=\"widget\" data-widget_type=\"heading.default\">\n\t\t\t\t<div class=\"elementor-widget-container\">\n\t\t\t<h1 class=\"elementor-heading-title elementor-size-default\">Impressum, AGB's, Haftungsausschluss, Bildnachweise\n<\/h1>\t\t<\/div>\n\t\t\t\t<\/div>\n\t\t\t\t<div class=\"elementor-element elementor-element-bfcbd12 elementor-widget elementor-widget-text-editor\" data-id=\"bfcbd12\" data-element_type=\"widget\" data-widget_type=\"text-editor.default\">\n\t\t\t\t<div class=\"elementor-widget-container\">\n\t\t\t\t\t<div class=\"elementor-text-editor elementor-clearfix\"><p>Angaben gem\u00e4\u00df \u00a7 5 TMG<br \/>Viktoria Gross (Einzelunternehmer)<br \/>(Transpersonale Psychologin, Health Care Beratung, Reiki Ausbildung, Reiki Behandlung, Coaching, Yoga, Meditation, Klang Therapeutin)<br \/>Birkenweg 5<br \/>69124 Heidelberg<br \/>Kontakt:<\/p><p>E-Mail: lebenistbewegung123@gmail.com<br \/>Telefon: 0176\/70234479<br \/>Viktoria Gross(Einzelunternehmer)<br \/>(Transpersonale Psychologin, Health Care Beratung, Reiki Ausbildung,<br \/>Reiki Behandlung, Coaching, Yoga,<br \/>Meditation, Klang Therapeutin)<br \/>Birkenweg 5<br \/>69124 Heidelberg<br \/>Verantwortlich f\u00fcr den Inhalt nach \u00a7 55<br \/>Abs. 2 RStV:<br \/>Viktoria Gross<br \/>(Transpersonale Psychologin, Health Care Beratung, Reiki Ausbildung,<br \/>Reiki Behandlung, Coaching, Yoga,<br \/>Meditation, Klang Therapeutin)<br \/>Birkenweg 5<br \/>69124 Heidelberg<\/p><p>AGBS<br \/>ALLGEMEINE<br \/>GESCH\u00c4FTSBEDINGUNGEN<br \/>1. ALLGEMEINES<\/p><p>Die Allgemeinen Gesch\u00e4ftsbedingungen<br \/>werden vom Klienten durch die Buchung von<br \/>Coachings und Workshops sowie dem Kauf<br \/>von digitalen und praktischen Produkten<br \/>anerkannt und gelten f\u00fcr die gesamte Dauer<br \/>des Angebots. Die AGBs gelten auch f\u00fcr<br \/>Coachings, Workshops und Anwendungen die<br \/>nicht gesondert bestellt wurden, sondern in<br \/>m\u00fcndlicher Absprache mit Viktoria Gross<br \/>ausgemacht wurden.<\/p><p>2. HINWEISE ZUR BUCHUNG<br \/>Reiki, Meditation, Coaching, Transpersonale Psychologie und Beratung ist keine Therapie im heilkundigen Sinne. Jeder<br \/>Teilnehmer ist vor, w\u00e4hrend und nach den Reiki Anwendung, Reiki Ausbildungen, Meditationen, der transpersonale Psychologie Sitzung, der Klang Sitzung, des Coachings und der Beratung selbst f\u00fcr sich verantwortlich. Der Teilnehmer best\u00e4tigt mit seiner Buchung gleichzeitig, dass er sich geistig und k\u00f6rperlich gesund f\u00fchlt und an den Reiki Anwendungen, Reiki Ausbildungen, Meditationen, Klangtherapien, Tantra Seminaren, Yogaausbildungen und Retreats,<br \/>Coaching und Beratung teilnehmen kann. Der Teilnehmer erkl\u00e4rt mit seiner Anmeldung ausdr\u00fccklich, diese Bedingungen gelesen und verstanden zu haben. Mit der EDV-Speicherung und Verarbeitung<br \/>seiner pers\u00f6nlichen Daten ausschlie\u00dflich zu<br \/>internen Zwecken gem\u00e4\u00df DSGVO erkl\u00e4rt sich der Teilnehmer einverstanden. Wir selbst hassen Spam und ungewollte Werbung<br \/>und geben daher keine Daten an Dritte<br \/>weiter. N\u00e4heres dazu findest du in unserer Datenschutzerkl\u00e4rung<br \/>3. VERSCHIEBEN UND ABSAGEN VON VEREINBARTEN TERMINEN UND WORKSHOPS<br \/>Bei unseren Workshops (Reiki Grad 1, 2 und 3) gilt:<br \/>Die Stornierung erfolgt nur schriftlich. Bei Stornierung einer Teilnahme werden folgende Geb\u00fchren erhoben:<br \/>\u2022 bis 14 Kalendertage vor<br \/>Workshop Beginn: 10\u20ac Stornogeb\u00fchr<br \/>\u2022 bis 7 Kalendertage vor<br \/>Workshop Beginn: 50 % der gesamten<br \/>Geb\u00fchr<br \/>\u2022 weniger als 7 Kalendertage vor<br \/>Workshop Beginn: volle Geb\u00fchr<br \/>Sollte ein Teilnehmer verhindert sein, ist die Benennung eines Ersatzteilnehmers f\u00fcr den gebuchten Workshop kostenlos m\u00f6glich.<br \/>F\u00fcr unsere Reiki Anwendungen gilt:<br \/>Es ist eine sogenannte Bestellpraxis. Das bedeutet, dass wir um eine gro\u00dfz\u00fcgige Behandlungszeit gew\u00e4hrleisten zu k\u00f6nnen,<br \/>keine Klienten gleichzeitig bestellen und mit l\u00e4ngeren Termin Vorl\u00e4ufen arbeiten. Deshalb bitten wir Dich vereinbarte Termine unbedingt einzuhalten oder uns sp\u00e4testens<br \/>24 Stunden vor Deinem Termin telefonisch Bescheid zu geben, falls Du den Termin nicht einhalten kannst.<\/p><p>4. PREISE UND<br \/>ZAHLUNGSBEDINGUNGEN<br \/>Alle angegebenen Preise verstehen sich in EURO und inklusive der gesetzlichen<br \/>Mehrwertsteuer, sofern diese anf\u00e4llt oder keine anderen Vereinbarungen bestehen. Rechnungen sind in der Regel, sofern keine Ratenzahlung vereinbart wurde, sofort und<br \/>ohne Abzug zahlbar. Bei Zahlungsverzug kann die weitere Ausf\u00fchrung der laufenden<br \/>Ausbildung oder Behandlung bis zur<br \/>vollst\u00e4ndigen Zahlung des Gesamtbetrages ausgesetzt werden. F\u00fcr Reiki Ausbildungen gilt, dass bei Zahlungsverzug der gesicherte<br \/>Platz wieder f\u00fcr andere potentielle<br \/>Teilnehmer von uns freigegeben werden kann.<br \/>Der Auftraggeber hat das Recht, die<br \/>Zusammenarbeit zu jedem beliebigen<br \/>Zeitpunkt abzubrechen bzw.<br \/>Reikibehandlungs- Reikiausbildungs-,<br \/>Meditations- oder Coachingtermine, Transpersonale Sitzungen, Klang Sitzungen\u00a0 aus wichtigen Gr\u00fcnden \u2013 wie z. B. Erkrankung des<br \/>Reiki Meisters\/Lehrers\/Meditationleiters\/<br \/>Coaches oder h\u00f6here Gewalt \u2013 abzusagen.<br \/>Berechnet werden dann nur die geleisteten<br \/>Reikiausbildungs-, Behandlungs-, Beratungs-,<br \/>Meditations-, oder Coachingstunden.<br \/>Weitere Anspr\u00fcche, insbesondere<br \/>Schadensersatzanspr\u00fcche sind nicht<br \/>m\u00f6glich.<\/p><p>5. SCHLUSSBESTIMMUNGEN<br \/>Auf die Vertr\u00e4ge findet ausschlie\u00dflich<br \/>deutsches Recht Anwendung.<\/p><p>6. SALVATORISCHE KLAUSEL<br \/>Durch etwaige Unwirksamkeit einer oder mehrerer Bestimmungen dieser AGBs wird die Wirksamkeit der \u00fcbrigen Bestimmungen<br \/>nicht ber\u00fchrt. An Stelle der unwirksamen Bestimmung gilt<br \/>eine dem Sinn und Zweck des Vertrages<br \/>entsprechende oder nahe kommende<br \/>Ersatzbestimmung, welche die Parteien zur Erreichung des gleichen wirtschaftlichen Ergebnisses vereinbart h\u00e4tten, wenn sie die Unwirksamkeit der Bestimmung gekannt h\u00e4tten.<br \/>HAFTUNGSAUSSCHLUSS<br \/>bei Anfragen Mit dem Absenden Ihrer Anfrage best\u00e4tigen Sie, dass Sie \u00fcber folgendes in Kenntnis gesetzt wurden:<br \/>Wir \u00fcbermitteln in unserer Antwort auf Ihre Anfrage keinerlei medizinische oder heilpraktische Diagnosen, empfehlen Ihnen keine medizinische oder heilpraktische Therapie sowie Medikamente oder deren Absetzung. Ihnen ist bewusst, dass eine<br \/>Reiki-Behandlung bei uns nur zur<br \/>Unterst\u00fctzung von medizinischen,<br \/>heilpraktischen oder psychotherapeutischen<br \/>Ma\u00dfnahmen stattfindet und Ihre Fragen auch nur unter diesen Voraussetzungen beantwortet werden. Ihre Fragen werden nach bestem Wissen beantwortet. F\u00fcr direkte oder indirekte k\u00f6rperliche, materielle oder ideelle Sch\u00e4den irgendwelcher Art, die sich durch die Beantwortung und die Umsetzung der Antwort durch Ihre Person ergeben k\u00f6nnen, \u00fcbernehmen wir keinerlei Haftung. bei Energie- und Reiki Behandlung F\u00fcr Fernbehandlungen kann keinerlei<br \/>Haftung \u00fcbernommen werden.<br \/>Die in unseren Energiebehandlungen<br \/>angewandten Methoden sind sicher, zum Wohle des Klienten und in keiner Weise sch\u00e4dlich. Wir nutzen die Praktiken, um Ihnen dabei zu helfen, Ihre pers\u00f6nlichen, k\u00f6rperlichen oder spirituellen Probleme mit<br \/>mehr Energie und weniger \u00c4ngsten oder Stress anzunehmen, sowie Ihr pers\u00f6nliches Potenzial zu entdecken und zu entfalten und<br \/>sind in diesem Sinne &amp;quot; begleitend&amp;quot; und nicht&amp;quot;medizinisch-therapeutisch&amp;quot; t\u00e4tig. Das<br \/>Bundesverfassungsgericht hat geregelt,<br \/>dass es nicht erforderlich ist, Heilpraktiker<br \/>oder Arzt zu sein, um die<br \/>Selbstheilungskr\u00e4fte eines Patienten zu<br \/>f\u00f6rdern (2. M\u00e4rz 2004, AZ 1 BvR 784\/03). Voraussetzung f\u00fcr eine T\u00e4tigkeit als<br \/>&amp;quot;Heiler&amp;quot; ist jedoch, dass wir Sie vor einer geplanten Sitzung bei uns auf Folgendes<br \/>hinweisen: Eine Reiki-Behandlung erfolgt auf Ihre eigene Verantwortung. Bei Verdacht auf eine ernsthafte psychische oder physische<br \/>Erkrankung wenden Sie sich bitte immer zuerst an den Arzt, Heilpraktiker oder<br \/>Psychotherapeuten Ihres Vertrauens. Gern k\u00f6nnen Sie, wenn Sie sich in \u00e4rztlicher\/psychotherapeutischer\/ heilpraktischer Behandlung befinden oder bis k\u00fcrzlich befunden haben, eine Behandlung mit Reiki vorher mit dem entsprechenden Therapeuten ab- und besprechen. Bitte haben Sie Verst\u00e4ndnis daf\u00fcr, dass wir<br \/>nur begleitend und unterst\u00fctzend arbeiten k\u00f6nnen bzw. d\u00fcrfen und daher einen Abbruch bestehender schulmedizinischer,<br \/>psychotherapeutischer oder heilpraktischer<br \/>Therapien sowie ein Absetzen von<br \/>medikament\u00f6sen Behandlungen aufgrund von Reiki oder Energiearbeit strikt ablehnen.<br \/>Weder kritisieren wir noch lehnen wir<br \/>Schulmedizin oder andere Therapieformen ab. Wir respektieren jede andere \u00fcberzeugende Grundlage, auch wenn sie nicht unsere eigene sein sollte. Reiki und Energiearbeit ersetzen niemals die Behandlung eines Arztes, Heilpraktikers oder Psychotherapeuten! Weiter ist es uns<br \/>aus ethischen, moralischen und auch<br \/>gesetzlichen Gr\u00fcnden nicht gestattet,<br \/>Heilversprechen abzugeben oder Diagnosen medizinischer, heilpraktischer oder<br \/>feinstofflicher Art zu stellen. Wir<br \/>empfehlen oder verordnen weder<br \/>Medikamente noch alternative Substanzen wie Sch\u00fcssler Salze, Globuli o.\u00c4.. Dies bleibt<br \/>im Aufgabenbereich eines Arztes oder<br \/>Heilpraktikers. F\u00fcr direkte oder indirekte materielle,<br \/>gesundheitliche, psychische oder ideelle Sch\u00e4den irgendwelcher Art, die durch die Anwendung von Reiki w\u00e4hrend der<br \/>Behandlungszeit und\/oder danach entstehen k\u00f6nnten, \u00fcbernehmen wir keinerlei Haftung.<br \/>Jede Behandlung erfolgt auf eigenes Risiko und in Verantwortung des zu Behandelnden. Bei den auf dieser Website angebotenen<br \/>Behandlungsmethoden handelt es sich um alternative Verfahren. Alle Angaben \u00fcber Eigenschaften, Wirkungen und Indikationen beruhen auf den Erkenntnissen und<br \/>Erfahrungen innerhalb der Anwendungen<br \/>selbst, ohne jegliches Heilungsversprechen<br \/>oder Garantie auf Heilung oder Linderung. In Bezugnahme auf die o.g. Hinweise werden wir Sie vor einer Reiki-Behandlung noch<br \/>einmal im pers\u00f6nlichen Gespr\u00e4ch hier\u00fcber aufkl\u00e4ren, um Missverst\u00e4ndnisse vorzubeugen.<\/p><p>Haftung f\u00fcr Inhalte<\/p><p>Die Inhalte unserer Seiten wurden mit<br \/>gr\u00f6\u00dfter Sorgfalt erstellt. F\u00fcr die<br \/>Richtigkeit, Vollst\u00e4ndigkeit und Aktualit\u00e4t<br \/>der Inhalte k\u00f6nnen wir jedoch keine Gew\u00e4hr \u00fcbernehmen. Als Diensteanbieter sind wir<br \/>gem\u00e4\u00df \u00a7 7 Abs.1 TMG f\u00fcr eigene Inhalte auf diesen Seiten nach den allgemeinen Gesetzen verantwortlich. Nach \u00a7\u00a7 8 bis 10 TMG sind wir als Diensteanbieter jedoch nicht verpflichtet, \u00fcbermittelte oder<br \/>gespeicherte fremde Informationen zu<br \/>\u00fcberwachen oder nach Umst\u00e4nden zu<br \/>forschen, die auf eine rechtswidrige<br \/>T\u00e4tigkeit hinweisen. Verpflichtungen zur Entfernung oder Sperrung der Nutzung von Informationen nach den allgemeinen Gesetzen bleiben hiervon unber\u00fchrt. Eine diesbez\u00fcgliche Haftung ist jedoch erst ab<br \/>dem Zeitpunkt der Kenntnis einer konkreten Rechtsverletzung m\u00f6glich. Bei Bekanntwerden von entsprechenden Rechtsverletzungen werden wir diese Inhalte umgehend entfernen.<\/p><p>Haftung f\u00fcr Links<\/p><p>Unser Angebot enth\u00e4lt Links zu externen Webseiten Dritter, auf deren Inhalte wir keinen Einfluss haben. Deshalb k\u00f6nnen wir f\u00fcr diese fremden Inhalte auch keine<br \/>Gew\u00e4hr \u00fcbernehmen. F\u00fcr die Inhalte der verlinkten Seiten ist stets der jeweilige Anbieter oder Betreiber der Seiten verantwortlich. Die verlinkten Seiten wurden zum Zeitpunkt der Verlinkung auf m\u00f6gliche<br \/>Rechtsverst\u00f6\u00dfe \u00fcberpr\u00fcft. Rechtswidrige Inhalte waren zum Zeitpunkt der Verlinkung<br \/>nicht erkennbar. Eine permanente inhaltliche Kontrolle der verlinkten Seiten ist jedoch ohne konkrete Anhaltspunkte einer Rechtsverletzung nicht zumutbar. Bei Bekanntwerden von Rechtsverletzungen werden wir derartige Links umgehend entfernen.<\/p><p>Urheberrecht<\/p><p>Die durch die Seitenbetreiber erstellten<br \/>Inhalte und Werke auf diesen Seiten<br \/>unterliegen dem deutschen Urheberrecht.<br \/>Die Vervielf\u00e4ltigung, Bearbeitung,<br \/>Verbreitung und jede Art der Verwertung<br \/>au\u00dferhalb der Grenzen des Urheberrechtes<br \/>bed\u00fcrfen der schriftlichen Zustimmung des jeweiligen Autors bzw. Erstellers. Downloads<br \/>und Kopien dieser Seite sind nur f\u00fcr den privaten, nicht kommerziellen Gebrauch gestattet. Soweit die Inhalte auf dieser Seite nicht vom Betreiber erstellt wurden, werden die Urheberrechte Dritter<br \/>beachtet. Insbesondere werden Inhalte<br \/>Dritter als solche gekennzeichnet. Sollten Sie trotzdem auf eine<br \/>Urheberrechtsverletzung aufmerksam<br \/>werden, bitten wir um einen entsprechenden Hinweis. Bei Bekanntwerden von Rechtsverletzungen werden wir derartige Inhalte umgehend entfernen.<\/p><\/div>\n\t\t\t\t<\/div>\n\t\t\t\t<\/div>\n\t\t\t\t\t<\/div>\n\t\t<\/div>\n\t\t\t\t\t\t\t<\/div>\n\t\t<\/section>\n\t\t\t\t\t\t<\/div>\n\t\t\t\t\t<\/div>\n\t\t","protected":false},"excerpt":{"rendered":"<p>Impressum, AGB&#8217;s, Haftungsausschluss, Bildnachweise Angaben gem\u00e4\u00df \u00a7 5 TMGViktoria Gross (Einzelunternehmer)(Transpersonale Psychologin, Health Care Beratung, Reiki Ausbildung, Reiki Behandlung, Coaching, Yoga, Meditation, Klang Therapeutin)Birkenweg 569124 HeidelbergKontakt: E-Mail: lebenistbewegung123@gmail.comTelefon: 0176\/70234479Viktoria Gross(Einzelunternehmer)(Transpersonale Psychologin, Health Care Beratung, Reiki Ausbildung,Reiki Behandlung, Coaching, Yoga,Meditation, Klang Therapeutin)Birkenweg 569124 HeidelbergVerantwortlich f\u00fcr den Inhalt nach \u00a7 55Abs. 2 RStV:Viktoria Gross(Transpersonale Psychologin, Health Care [&hellip;]<\/p>\n","protected":false},"author":1,"featured_media":0,"parent":0,"menu_order":0,"comment_status":"closed","ping_status":"closed","template":"elementor_header_footer","meta":{"footnotes":""},"class_list":["post-322","page","type-page","status-publish","hentry","entry","owp-thumbs-layout-horizontal","owp-btn-normal","owp-tabs-layout-horizontal","has-no-thumbnails","has-product-nav"],"_links":{"self":[{"href":"https:\/\/viktoriagross.de\/index.php\/wp-json\/wp\/v2\/pages\/322","targetHints":{"allow":["GET"]}}],"collection":[{"href":"https:\/\/viktoriagross.de\/index.php\/wp-json\/wp\/v2\/pages"}],"about":[{"href":"https:\/\/viktoriagross.de\/index.php\/wp-json\/wp\/v2\/types\/page"}],"author":[{"embeddable":true,"href":"https:\/\/viktoriagross.de\/index.php\/wp-json\/wp\/v2\/users\/1"}],"replies":[{"embeddable":true,"href":"https:\/\/viktoriagross.de\/index.php\/wp-json\/wp\/v2\/comments?post=322"}],"version-history":[{"count":37,"href":"https:\/\/viktoriagross.de\/index.php\/wp-json\/wp\/v2\/pages\/322\/revisions"}],"predecessor-version":[{"id":1182,"href":"https:\/\/viktoriagross.de\/index.php\/wp-json\/wp\/v2\/pages\/322\/revisions\/1182"}],"wp:attachment":[{"href":"https:\/\/viktoriagross.de\/index.php\/wp-json\/wp\/v2\/media?parent=322"}],"curies":[{"name":"wp","href":"https:\/\/api.w.org\/{rel}","templated":true}]}}