{"id":316,"date":"2021-03-30T14:29:57","date_gmt":"2021-03-30T14:29:57","guid":{"rendered":"https:\/\/viktoriagross.de\/?page_id=316"},"modified":"2022-03-23T20:10:51","modified_gmt":"2022-03-23T20:10:51","slug":"aktuelles","status":"publish","type":"page","link":"https:\/\/viktoriagross.de\/index.php\/aktuelles\/","title":{"rendered":"AKTUELLES"},"content":{"rendered":"\t\t<div data-elementor-type=\"wp-page\" data-elementor-id=\"316\" class=\"elementor elementor-316\" data-elementor-settings=\"[]\">\n\t\t\t\t\t\t\t<div class=\"elementor-section-wrap\">\n\t\t\t\t\t\t\t<section class=\"elementor-section elementor-top-section elementor-element elementor-element-8d41bd2 elementor-section-height-min-height elementor-section-boxed elementor-section-height-default elementor-section-items-middle\" data-id=\"8d41bd2\" data-element_type=\"section\" data-settings=\"{&quot;background_background&quot;:&quot;classic&quot;,&quot;background_motion_fx_motion_fx_mouse&quot;:&quot;yes&quot;,&quot;background_motion_fx_mouseTrack_effect&quot;:&quot;yes&quot;,&quot;background_motion_fx_mouseTrack_speed&quot;:{&quot;unit&quot;:&quot;px&quot;,&quot;size&quot;:1,&quot;sizes&quot;:[]}}\">\n\t\t\t\t\t\t\t<div class=\"elementor-background-overlay\"><\/div>\n\t\t\t\t\t\t\t<div class=\"elementor-container elementor-column-gap-default\">\n\t\t\t\t\t<div class=\"elementor-column elementor-col-100 elementor-top-column elementor-element elementor-element-4092a1d\" data-id=\"4092a1d\" data-element_type=\"column\">\n\t\t\t<div class=\"elementor-widget-wrap elementor-element-populated\">\n\t\t\t\t\t\t\t\t<div class=\"elementor-element elementor-element-c31b841 elementor-widget elementor-widget-heading\" data-id=\"c31b841\" data-element_type=\"widget\" data-widget_type=\"heading.default\">\n\t\t\t\t<div class=\"elementor-widget-container\">\n\t\t\t<h1 class=\"elementor-heading-title elementor-size-default\">AKTUELLES<\/h1>\t\t<\/div>\n\t\t\t\t<\/div>\n\t\t\t\t<div class=\"elementor-element elementor-element-c714501 elementor-widget elementor-widget-text-editor\" data-id=\"c714501\" data-element_type=\"widget\" data-widget_type=\"text-editor.default\">\n\t\t\t\t<div class=\"elementor-widget-container\">\n\t\t\t\t\t<div class=\"elementor-text-editor elementor-clearfix\"><p><span style=\"color: #ffff00;\"><img loading=\"lazy\" decoding=\"async\" class=\"size-medium wp-image-1108 alignleft\" src=\"https:\/\/viktoriagross.de\/wp-content\/uploads\/2021\/05\/IMG_4912-200x300.jpg\" alt=\"\" width=\"200\" height=\"300\" srcset=\"https:\/\/viktoriagross.de\/wp-content\/uploads\/2021\/05\/IMG_4912-200x300.jpg 200w, https:\/\/viktoriagross.de\/wp-content\/uploads\/2021\/05\/IMG_4912-683x1024.jpg 683w, https:\/\/viktoriagross.de\/wp-content\/uploads\/2021\/05\/IMG_4912-768x1152.jpg 768w, https:\/\/viktoriagross.de\/wp-content\/uploads\/2021\/05\/IMG_4912-1024x1536.jpg 1024w, https:\/\/viktoriagross.de\/wp-content\/uploads\/2021\/05\/IMG_4912-1365x2048.jpg 1365w, https:\/\/viktoriagross.de\/wp-content\/uploads\/2021\/05\/IMG_4912-600x900.jpg 600w, https:\/\/viktoriagross.de\/wp-content\/uploads\/2021\/05\/IMG_4912-scaled.jpg 1707w\" sizes=\"auto, (max-width: 200px) 100vw, 200px\" \/> <\/span><\/p><p>Gr\u00fcnderin der Akademie der Neuzeit und der Lichtgesellschaft der Neuzeit l\u00e4dt Dich herzlich ein, Deine neue Realit\u00e4t mit viel Freude und Leichtigkeit zu gestalten.\u00a0<\/p><p><strong class=\"redactor-inline-converted\">Was w\u00e4re, wenn Du keine Begrenzungen in deinem Kopf, in deinen Gedanken\u00a0h\u00e4ttest?\u00a0<\/strong><\/p><p><strong class=\"redactor-inline-converted\">Kannst Du Dir Dein Leben vorstellen, das Du wahrhaft leben m\u00f6chtest ?\u00a0<\/strong><\/p><p><strong class=\"redactor-inline-converted\">Was hindert Dich heute daran?\u00a0<\/strong><\/p><p>\u00a0 \u00a0\u00a0<\/p><p>Die Philosophie der Transpersonalen Psychologie ist:<\/p><ul><li>Mensch ist ein Teil vom Ganzen<\/li><li>Das Bewusstsein<\/li><li>Erschaffen ausserhalb der Realit\u00e4t<\/li><\/ul><ul><li>Annahme von Sich Selbst<\/li><li>Erschaffen von Neuem mit Freude<\/li><li>Mitgestalten<\/li><\/ul><p>Meine Lichtsizungen im online Format kannst Du zu jeder Lebenslage buchen.\u00a0<\/p><p>Es ist Zeit, in echte Ver\u00e4nderung zu investieren!<\/p><p>In die\u00a0eigene und\u00a0soziale\u00a0Transformation. Jetzt!<\/p><p>Die Welt\u00a0\u00a0braucht \u00a0Menschen, die ihr Geld gut anlegen und zwar in Sich Selbst!\u00a0<\/p><p>DIE FREIHEIT IST SEHR WERTVOLLES GUT!\u00a0<\/p><p>Sich erlauben, sich\u00a0\u00a0frei zu entscheiden, welchen Beruf man\u00a0aus\u00fcben m\u00f6chte, ist ein\u00a0gutes Recht von jedem B\u00fcrger!<\/p><p>Hier in der Akademie der Neuzeit wurde der neue Beruf in Deutschland geboren.\u00a0<\/p><p>Du kannst diese Ausbildung im online Format jedes Jahr\u00a0 genie\u00dfen!<\/p><p>Die Ausbildung in Deutschland in MINDPROCESSING als BASIS KURS ist zertifiziert. Du bekommst vom Psychologischen Institut und von mir einen Zertifikat und darfst als Dein Traumberuf leben.<\/p><p>Die Investition f\u00fcr die neue Methode aus der transpersonalen Psychologie lohnt sich auch f\u00fcr die einzelne Stunden.\u00a0Sich von Glaubens\u00e4tzen, die jedem Anderen geh\u00f6ren, sich von\u00a0Karma\u00a0 zu befreien, ist unbezahlbar! Und auch\u00a0leicht mit dieser Methode m\u00f6glich!<\/p><p>Befreie Dich von den destruktiven Energien, die Dir nicht geh\u00f6ren und lebe Dein Traumleben!<\/p><p>Gehe bewusst durch diese Methode in die Ressource, in den Zustand, den Du m\u00f6chtest!<\/p><p>Kreiere Dein Leben NEU!\u00a0<\/p><\/div>\n\t\t\t\t<\/div>\n\t\t\t\t<\/div>\n\t\t\t\t\t<\/div>\n\t\t<\/div>\n\t\t\t\t\t\t\t<\/div>\n\t\t<\/section>\n\t\t\t\t\t\t<\/div>\n\t\t\t\t\t<\/div>\n\t\t","protected":false},"excerpt":{"rendered":"<p>AKTUELLES Gr\u00fcnderin der Akademie der Neuzeit und der Lichtgesellschaft der Neuzeit l\u00e4dt Dich herzlich ein, Deine neue Realit\u00e4t mit viel Freude und Leichtigkeit zu gestalten.&nbsp; Was w\u00e4re, wenn Du keine Begrenzungen in deinem Kopf, in deinen Gedanken&nbsp;h\u00e4ttest?&nbsp; Kannst Du Dir Dein Leben vorstellen, das Du wahrhaft leben m\u00f6chtest ?&nbsp; Was hindert Dich heute daran?&nbsp; Die [&hellip;]<\/p>\n","protected":false},"author":1,"featured_media":0,"parent":0,"menu_order":0,"comment_status":"closed","ping_status":"closed","template":"elementor_header_footer","meta":{"footnotes":""},"class_list":["post-316","page","type-page","status-publish","hentry","entry","owp-thumbs-layout-horizontal","owp-btn-normal","owp-tabs-layout-horizontal","has-no-thumbnails","has-product-nav"],"_links":{"self":[{"href":"https:\/\/viktoriagross.de\/index.php\/wp-json\/wp\/v2\/pages\/316","targetHints":{"allow":["GET"]}}],"collection":[{"href":"https:\/\/viktoriagross.de\/index.php\/wp-json\/wp\/v2\/pages"}],"about":[{"href":"https:\/\/viktoriagross.de\/index.php\/wp-json\/wp\/v2\/types\/page"}],"author":[{"embeddable":true,"href":"https:\/\/viktoriagross.de\/index.php\/wp-json\/wp\/v2\/users\/1"}],"replies":[{"embeddable":true,"href":"https:\/\/viktoriagross.de\/index.php\/wp-json\/wp\/v2\/comments?post=316"}],"version-history":[{"count":32,"href":"https:\/\/viktoriagross.de\/index.php\/wp-json\/wp\/v2\/pages\/316\/revisions"}],"predecessor-version":[{"id":1194,"href":"https:\/\/viktoriagross.de\/index.php\/wp-json\/wp\/v2\/pages\/316\/revisions\/1194"}],"wp:attachment":[{"href":"https:\/\/viktoriagross.de\/index.php\/wp-json\/wp\/v2\/media?parent=316"}],"curies":[{"name":"wp","href":"https:\/\/api.w.org\/{rel}","templated":true}]}}